{"id":29,"date":"2025-01-24T17:18:19","date_gmt":"2025-01-24T17:18:19","guid":{"rendered":"https:\/\/www.inaero.co\/?page_id=29"},"modified":"2025-01-24T17:31:49","modified_gmt":"2025-01-24T17:31:49","slug":"inicio","status":"publish","type":"page","link":"https:\/\/www.inaero.co\/en_en\/","title":{"rendered":"Home"},"content":{"rendered":"<p>[et_pb_section fb_built=\u00bb1&#8243; _builder_version=\u00bb4.27.4&#8243; _module_preset=\u00bbdefault\u00bb global_colors_info=\u00bb{}\u00bb theme_builder_area=\u00bbpost_content\u00bb][et_pb_row _builder_version=\u00bb4.27.4&#8243; _module_preset=\u00bbdefault\u00bb width=\u00bb90%\u00bb max_width=\u00bb90%\u00bb custom_padding=\u00bb0px||0px||false|false\u00bb border_radii=\u00bbon|35px|35px|35px|35px\u00bb global_colors_info=\u00bb{}\u00bb theme_builder_area=\u00bbpost_content\u00bb][et_pb_column type=\u00bb4_4&#8243; _builder_version=\u00bb4.27.4&#8243; _module_preset=\u00bbdefault\u00bb global_colors_info=\u00bb{}\u00bb theme_builder_area=\u00bbpost_content\u00bb][et_pb_slider use_bg_overlay=\u00bboff\u00bb use_text_overlay=\u00bboff\u00bb _builder_version=\u00bb4.27.4&#8243; _module_preset=\u00bbdefault\u00bb body_font_size=\u00bb20px\u00bb body_line_height=\u00bb1.4em\u00bb text_orientation=\u00bbleft\u00bb module_alignment=\u00bbleft\u00bb hover_enabled=\u00bb0&#8243; global_colors_info=\u00bb{}\u00bb theme_builder_area=\u00bbpost_content\u00bb sticky_enabled=\u00bb0&#8243;][et_pb_slide heading=\u00bbAsesor\u00eda Integral Corporativa\u00bb button_text=\u00bbSaber m\u00e1s\u00bb button_link=\u00bb@ET-DC@eyJkeW5hbWljIjp0cnVlLCJjb250ZW50IjoicG9zdF9saW5rX3VybF9wYWdlIiwic2V0dGluZ3MiOnsicG9zdF9pZCI6IjM5In19@\u00bb _builder_version=\u00bb4.27.4&#8243; _dynamic_attributes=\u00bbbutton_link\u00bb _module_preset=\u00bbdefault\u00bb background_color=\u00bbrgba(39,68,91,0.61)\u00bb background_enable_color=\u00bbon\u00bb background_image=\u00bbhttps:\/\/www.inaero.co\/wp-content\/uploads\/2025\/01\/7.jpg\u00bb background_enable_image=\u00bbon\u00bb background_blend=\u00bbmultiply\u00bb hover_enabled=\u00bb0&#8243; global_colors_info=\u00bb{}\u00bb sticky_transition=\u00bbon\u00bb theme_builder_area=\u00bbpost_content\u00bb sticky_enabled=\u00bb0&#8243;]<\/p>\n<p>Ofrecemos asesor\u00eda legal, financiera y de gesti\u00f3n de proyectos a los clientes, orientada a la atenci\u00f3n de sus necesidades y optimizar los resultados de su organizaci\u00f3n.<\/p>\n<p>[\/et_pb_slide][et_pb_slide heading=\u00bbInvestigaciones y Estudios Econ\u00f3micos \u00bb button_text=\u00bbSaber m\u00e1s\u00bb button_link=\u00bb@ET-DC@eyJkeW5hbWljIjp0cnVlLCJjb250ZW50IjoicG9zdF9saW5rX3VybF9wYWdlIiwic2V0dGluZ3MiOnsicG9zdF9pZCI6IjQzIn19@\u00bb image=\u00bbhttps:\/\/www.inaero.co\/wp-content\/uploads\/2025\/01\/portada4.jpg\u00bb use_bg_overlay=\u00bboff\u00bb use_text_overlay=\u00bboff\u00bb _builder_version=\u00bb4.27.4&#8243; _dynamic_attributes=\u00bbbutton_link\u00bb _module_preset=\u00bbdefault\u00bb background_color=\u00bbgcid-b38fd1b4-068e-46ca-a301-d026c8d68480&#8243; background_enable_color=\u00bbon\u00bb background_enable_image=\u00bboff\u00bb hover_enabled=\u00bb0&#8243; global_colors_info=\u00bb{%22gcid-b38fd1b4-068e-46ca-a301-d026c8d68480%22:%91%22background_color%22%93}\u00bb sticky_transition=\u00bbon\u00bb theme_builder_area=\u00bbpost_content\u00bb sticky_enabled=\u00bb0&#8243;]<\/p>\n<p>Desarrollamos investigaciones especializadas en diferentes aspectos del transporte a\u00e9reo y la aeron\u00e1utica civil, para contribuir al desarrollo del conocimiento del sector.<\/p>\n<p>[\/et_pb_slide][\/et_pb_slider][\/et_pb_column][\/et_pb_row][\/et_pb_section][et_pb_section fb_built=\u00bb1&#8243; _builder_version=\u00bb4.27.4&#8243; _module_preset=\u00bbdefault\u00bb global_colors_info=\u00bb{}\u00bb theme_builder_area=\u00bbpost_content\u00bb][et_pb_row _builder_version=\u00bb4.27.4&#8243; _module_preset=\u00bbdefault\u00bb global_colors_info=\u00bb{}\u00bb theme_builder_area=\u00bbpost_content\u00bb][et_pb_column type=\u00bb4_4&#8243; _builder_version=\u00bb4.27.4&#8243; _module_preset=\u00bbdefault\u00bb global_colors_info=\u00bb{}\u00bb theme_builder_area=\u00bbpost_content\u00bb][dsm_text_divider header=\u00bbINAERO\u00bb text_alignment=\u00bbleft\u00bb _builder_version=\u00bb4.27.4&#8243; _module_preset=\u00bbdefault\u00bb header_level=\u00bbh1&#8243; header_text_align=\u00bbleft\u00bb header_text_color=\u00bbgcid-body-color\u00bb header_font_size=\u00bb18px\u00bb module_alignment=\u00bbleft\u00bb custom_margin=\u00bb|0px||0px|false|true\u00bb custom_padding=\u00bb|0px||0px|false|true\u00bb custom_css_main_element=\u00bbpadding-left: 0px !important;\u00bb global_colors_info=\u00bb{%22gcid-body-color%22:%91%22header_text_color%22%93}\u00bb theme_builder_area=\u00bbpost_content\u00bb][\/dsm_text_divider][\/et_pb_column][\/et_pb_row][et_pb_row column_structure=\u00bb3_5,2_5&#8243; _builder_version=\u00bb4.27.4&#8243; _module_preset=\u00bbdefault\u00bb global_colors_info=\u00bb{}\u00bb theme_builder_area=\u00bbpost_content\u00bb][et_pb_column type=\u00bb3_5&#8243; _builder_version=\u00bb4.27.4&#8243; _module_preset=\u00bbdefault\u00bb global_colors_info=\u00bb{}\u00bb theme_builder_area=\u00bbpost_content\u00bb][et_pb_text _builder_version=\u00bb4.27.4&#8243; _module_preset=\u00bbdefault\u00bb text_font_size=\u00bb25px\u00bb text_line_height=\u00bb1.4em\u00bb header_font=\u00bb||||||||\u00bb header_text_color=\u00bb#adadad\u00bb header_font_size=\u00bb16px\u00bb header_2_font_size=\u00bb45px\u00bb text_font_size_tablet=\u00bb22px\u00bb text_font_size_phone=\u00bb18px\u00bb text_font_size_last_edited=\u00bbon|phone\u00bb header_2_font_size_tablet=\u00bb35px\u00bb header_2_font_size_phone=\u00bb30px\u00bb header_2_font_size_last_edited=\u00bbon|phone\u00bb global_colors_info=\u00bb{}\u00bb theme_builder_area=\u00bbpost_content\u00bb]<\/p>\n<h2>Dise\u00f1amos estrategias de <span style=\"color: #a5b73d;\">acci\u00f3n y ejecuci\u00f3n<\/span><\/h2>\n<p class=\"p1\"><span class=\"s1\">Queremos ser su aliado estrat\u00e9gico para el desarrollo de soluciones innovadoras y sostenibles en el sector a\u00e9reo.<\/span><\/p>\n<p class=\"p1\"><span class=\"s1\">Nuestro enfoque integral combina asesoramiento en derecho, estrategias de prevenci\u00f3n, debida diligencia y defensa jur\u00eddica, respaldadas por experiencia y casos de \u00e9xito. <\/span><\/p>\n<p class=\"p1\"><span class=\"s1\">Nos diferenciamos por ofrecer soluciones personalizadas adaptadas a las necesidades espec\u00edficas de cada cliente, con acompa\u00f1amiento asertivo y cercano, buscando siempre resultados eficientes y sostenibles.\u00a0<\/span><\/p>\n<p>[\/et_pb_text][et_pb_button button_url=\u00bb@ET-DC@eyJkeW5hbWljIjp0cnVlLCJjb250ZW50IjoicG9zdF9saW5rX3VybF9wYWdlIiwic2V0dGluZ3MiOnsicG9zdF9pZCI6IjM1In19@\u00bb button_text=\u00bbSaber m\u00e1s\u00bb _builder_version=\u00bb4.27.4&#8243; _dynamic_attributes=\u00bbbutton_url\u00bb _module_preset=\u00bbdefault\u00bb hover_enabled=\u00bb0&#8243; global_colors_info=\u00bb{}\u00bb theme_builder_area=\u00bbpost_content\u00bb sticky_enabled=\u00bb0&#8243;][\/et_pb_button][\/et_pb_column][et_pb_column type=\u00bb2_5&#8243; _builder_version=\u00bb4.27.4&#8243; _module_preset=\u00bbdefault\u00bb global_colors_info=\u00bb{}\u00bb theme_builder_area=\u00bbpost_content\u00bb][et_pb_image src=\u00bbhttps:\/\/www.inaero.co\/wp-content\/uploads\/2025\/01\/5.jpg\u00bb title_text=\u00bb5&#8243; _builder_version=\u00bb4.27.4&#8243; _module_preset=\u00bbdefault\u00bb global_colors_info=\u00bb{}\u00bb theme_builder_area=\u00bbpost_content\u00bb][\/et_pb_image][\/et_pb_column][\/et_pb_row][\/et_pb_section][et_pb_section fb_built=\u00bb1&#8243; _builder_version=\u00bb4.27.4&#8243; _module_preset=\u00bbdefault\u00bb use_background_color_gradient=\u00bbon\u00bb background_color_gradient_direction=\u00bb79deg\u00bb background_color_gradient_stops=\u00bbgcid-7b348cb3-0599-455b-ad0c-853920092c3e 27%|#0d182d 74%\u00bb global_colors_info=\u00bb{%22gcid-7b348cb3-0599-455b-ad0c-853920092c3e%22:%91%22background_color_gradient_stops%22%93}\u00bb theme_builder_area=\u00bbpost_content\u00bb][et_pb_row _builder_version=\u00bb4.27.4&#8243; _module_preset=\u00bbdefault\u00bb width=\u00bb90%\u00bb max_width=\u00bb90%\u00bb global_colors_info=\u00bb{}\u00bb theme_builder_area=\u00bbpost_content\u00bb][et_pb_column type=\u00bb4_4&#8243; _builder_version=\u00bb4.27.4&#8243; _module_preset=\u00bbdefault\u00bb global_colors_info=\u00bb{}\u00bb theme_builder_area=\u00bbpost_content\u00bb][dsm_text_divider header=\u00bbC\u00f3mo podemos ayudarte\u00bb text_alignment=\u00bbleft\u00bb _builder_version=\u00bb4.27.4&#8243; _module_preset=\u00bbdefault\u00bb header_level=\u00bbh2&#8243; header_text_align=\u00bbleft\u00bb header_text_color=\u00bb#FFFFFF\u00bb header_font_size=\u00bb20px\u00bb background_layout=\u00bbdark\u00bb module_alignment=\u00bbleft\u00bb custom_margin=\u00bb|0px||0px|false|true\u00bb custom_padding=\u00bb|0px||0px|false|true\u00bb custom_css_main_element=\u00bbpadding-left: 0px !important;\u00bb locked=\u00bboff\u00bb global_colors_info=\u00bb{}\u00bb theme_builder_area=\u00bbpost_content\u00bb][\/dsm_text_divider][et_pb_text _builder_version=\u00bb4.27.4&#8243; _dynamic_attributes=\u00bblink_option_url\u00bb _module_preset=\u00bbdefault\u00bb text_font=\u00bb|300|||||||\u00bb text_font_size=\u00bb45px\u00bb background_image=\u00bbhttps:\/\/www.inaero.co\/wp-content\/uploads\/2025\/01\/icono-boton.png\u00bb background_size=\u00bbcustom\u00bb background_image_width=\u00bb50px\u00bb background_position=\u00bbcenter_right\u00bb background_horizontal_offset=\u00bb1%\u00bb background_layout=\u00bbdark\u00bb custom_margin=\u00bb0px||0px||false|false\u00bb custom_padding=\u00bb40px|5%|40px|1%|true|false\u00bb link_option_url=\u00bb@ET-DC@eyJkeW5hbWljIjp0cnVlLCJjb250ZW50IjoicG9zdF9saW5rX3VybF9wYWdlIiwic2V0dGluZ3MiOnsicG9zdF9pZCI6IjQxIn19@\u00bb hover_enabled=\u00bb0&#8243; text_font_last_edited=\u00bboff|desktop\u00bb text_font_size_tablet=\u00bb40px\u00bb text_font_size_phone=\u00bb30px\u00bb text_font_size_last_edited=\u00bbon|phone\u00bb background_last_edited=\u00bbon|desktop\u00bb background_image_width_tablet=\u00bb35px\u00bb background_image_width_phone=\u00bb30px\u00bb border_width_top=\u00bb1px\u00bb border_color_top=\u00bbRGBA(255,255,255,0)\u00bb border_width_bottom=\u00bb1px\u00bb border_color_bottom=\u00bbrgba(252,252,252,0.6)\u00bb locked=\u00bboff\u00bb global_colors_info=\u00bb{}\u00bb background__hover_enabled=\u00bbon|hover\u00bb background_color__hover=\u00bbrgba(255,255,255,0.12)\u00bb background_enable_color__hover=\u00bbon\u00bb border_color_top__hover_enabled=\u00bbon|hover\u00bb border_color_top__hover=\u00bbrgba(252,252,252,0.6)\u00bb theme_builder_area=\u00bbpost_content\u00bb sticky_enabled=\u00bb0&#8243;]<\/p>\n<p>Asesor\u00eda legal<\/p>\n<p>[\/et_pb_text][et_pb_text _builder_version=\u00bb4.27.4&#8243; _dynamic_attributes=\u00bblink_option_url\u00bb _module_preset=\u00bbdefault\u00bb text_font=\u00bb|300|||||||\u00bb text_font_size=\u00bb45px\u00bb background_image=\u00bbhttps:\/\/www.inaero.co\/wp-content\/uploads\/2025\/01\/icono-boton.png\u00bb background_size=\u00bbcustom\u00bb background_image_width=\u00bb50px\u00bb background_position=\u00bbcenter_right\u00bb background_horizontal_offset=\u00bb1%\u00bb background_layout=\u00bbdark\u00bb custom_margin=\u00bb0px||0px||false|false\u00bb custom_padding=\u00bb40px|5%|40px|1%|true|false\u00bb link_option_url=\u00bb@ET-DC@eyJkeW5hbWljIjp0cnVlLCJjb250ZW50IjoicG9zdF9saW5rX3VybF9wYWdlIiwic2V0dGluZ3MiOnsicG9zdF9pZCI6IjM5In19@\u00bb hover_enabled=\u00bb0&#8243; text_font_last_edited=\u00bboff|desktop\u00bb text_font_size_tablet=\u00bb40px\u00bb text_font_size_phone=\u00bb30px\u00bb text_font_size_last_edited=\u00bbon|phone\u00bb background_last_edited=\u00bbon|desktop\u00bb background_image_width_tablet=\u00bb35px\u00bb background_image_width_phone=\u00bb30px\u00bb border_width_top=\u00bb1px\u00bb border_color_top=\u00bbRGBA(255,255,255,0)\u00bb border_width_bottom=\u00bb1px\u00bb border_color_bottom=\u00bbrgba(252,252,252,0.6)\u00bb locked=\u00bboff\u00bb global_colors_info=\u00bb{}\u00bb background__hover_enabled=\u00bbon|hover\u00bb background_color__hover=\u00bbrgba(255,255,255,0.12)\u00bb background_enable_color__hover=\u00bbon\u00bb border_color_top__hover_enabled=\u00bbon|hover\u00bb border_color_top__hover=\u00bbrgba(252,252,252,0.6)\u00bb theme_builder_area=\u00bbpost_content\u00bb sticky_enabled=\u00bb0&#8243;]<\/p>\n<p>Asesor\u00eda integral corporativa<\/p>\n<p>[\/et_pb_text][et_pb_text _builder_version=\u00bb4.27.4&#8243; _dynamic_attributes=\u00bblink_option_url\u00bb _module_preset=\u00bbdefault\u00bb text_font=\u00bb|300|||||||\u00bb text_font_size=\u00bb45px\u00bb background_image=\u00bbhttps:\/\/www.inaero.co\/wp-content\/uploads\/2025\/01\/icono-boton.png\u00bb background_size=\u00bbcustom\u00bb background_image_width=\u00bb50px\u00bb background_position=\u00bbcenter_right\u00bb background_horizontal_offset=\u00bb1%\u00bb background_layout=\u00bbdark\u00bb custom_margin=\u00bb0px||0px||false|false\u00bb custom_padding=\u00bb40px|5%|40px|1%|true|false\u00bb link_option_url=\u00bb@ET-DC@eyJkeW5hbWljIjp0cnVlLCJjb250ZW50IjoicG9zdF9saW5rX3VybF9wYWdlIiwic2V0dGluZ3MiOnsicG9zdF9pZCI6IjQzIn19@\u00bb hover_enabled=\u00bb0&#8243; text_font_last_edited=\u00bboff|desktop\u00bb text_font_size_tablet=\u00bb40px\u00bb text_font_size_phone=\u00bb30px\u00bb text_font_size_last_edited=\u00bbon|phone\u00bb background_last_edited=\u00bbon|desktop\u00bb background_image_width_tablet=\u00bb35px\u00bb background_image_width_phone=\u00bb30px\u00bb border_width_bottom=\u00bb1px\u00bb border_color_bottom=\u00bbrgba(252,252,252,0.6)\u00bb global_colors_info=\u00bb{}\u00bb background__hover_enabled=\u00bbon|hover\u00bb background_color__hover=\u00bbrgba(255,255,255,0.12)\u00bb background_enable_color__hover=\u00bbon\u00bb theme_builder_area=\u00bbpost_content\u00bb sticky_enabled=\u00bb0&#8243;]<\/p>\n<p>Investigaciones y estudios econ\u00f3micos<\/p>\n<p>[\/et_pb_text][et_pb_text _builder_version=\u00bb4.27.4&#8243; _dynamic_attributes=\u00bblink_option_url\u00bb _module_preset=\u00bbdefault\u00bb text_font=\u00bb|300|||||||\u00bb text_font_size=\u00bb45px\u00bb background_image=\u00bbhttps:\/\/www.inaero.co\/wp-content\/uploads\/2025\/01\/icono-boton.png\u00bb background_size=\u00bbcustom\u00bb background_image_width=\u00bb50px\u00bb background_position=\u00bbcenter_right\u00bb background_horizontal_offset=\u00bb1%\u00bb background_layout=\u00bbdark\u00bb custom_margin=\u00bb0px||0px||false|false\u00bb custom_padding=\u00bb40px|5%|40px|1%|true|false\u00bb link_option_url=\u00bb@ET-DC@eyJkeW5hbWljIjp0cnVlLCJjb250ZW50IjoicG9zdF9saW5rX3VybF9wYWdlIiwic2V0dGluZ3MiOnsicG9zdF9pZCI6IjM3In19@\u00bb hover_enabled=\u00bb0&#8243; text_font_last_edited=\u00bboff|desktop\u00bb text_font_size_tablet=\u00bb40px\u00bb text_font_size_phone=\u00bb30px\u00bb text_font_size_last_edited=\u00bbon|phone\u00bb background_last_edited=\u00bbon|desktop\u00bb background_image_width_tablet=\u00bb35px\u00bb background_image_width_phone=\u00bb30px\u00bb border_width_bottom=\u00bb1px\u00bb border_color_bottom=\u00bbrgba(252,252,252,0.6)\u00bb global_colors_info=\u00bb{}\u00bb background__hover_enabled=\u00bbon|hover\u00bb background_color__hover=\u00bbrgba(255,255,255,0.12)\u00bb background_enable_color__hover=\u00bbon\u00bb theme_builder_area=\u00bbpost_content\u00bb sticky_enabled=\u00bb0&#8243;]<\/p>\n<p>Asesoraramiento en servicios a\u00e9reos comerciales<\/p>\n<p>[\/et_pb_text][dsm_button _builder_version=\u00bb4.27.4&#8243; _module_preset=\u00bbdefault\u00bb global_colors_info=\u00bb{}\u00bb theme_builder_area=\u00bbpost_content\u00bb][\/dsm_button][\/et_pb_column][\/et_pb_row][\/et_pb_section][et_pb_section fb_built=\u00bb1&#8243; _builder_version=\u00bb4.27.4&#8243; _module_preset=\u00bbdefault\u00bb locked=\u00bboff\u00bb global_colors_info=\u00bb{}\u00bb theme_builder_area=\u00bbpost_content\u00bb][et_pb_row _builder_version=\u00bb4.27.4&#8243; _module_preset=\u00bbdefault\u00bb locked=\u00bboff\u00bb global_colors_info=\u00bb{}\u00bb theme_builder_area=\u00bbpost_content\u00bb][et_pb_column type=\u00bb4_4&#8243; _builder_version=\u00bb4.27.4&#8243; _module_preset=\u00bbdefault\u00bb global_colors_info=\u00bb{}\u00bb theme_builder_area=\u00bbpost_content\u00bb][dsm_text_divider header=\u00bbExperiencia\u00bb text_alignment=\u00bbleft\u00bb _builder_version=\u00bb4.27.4&#8243; _module_preset=\u00bbdefault\u00bb header_level=\u00bbh2&#8243; header_text_align=\u00bbleft\u00bb header_text_color=\u00bbgcid-body-color\u00bb header_font_size=\u00bb20px\u00bb module_alignment=\u00bbleft\u00bb custom_margin=\u00bb|0px||0px|false|true\u00bb custom_padding=\u00bb|0px||0px|false|true\u00bb hover_enabled=\u00bb0&#8243; custom_css_main_element=\u00bbpadding-left: 0px !important;\u00bb global_colors_info=\u00bb{%22gcid-body-color%22:%91%22header_text_color%22%93}\u00bb theme_builder_area=\u00bbpost_content\u00bb sticky_enabled=\u00bb0&#8243;][\/dsm_text_divider][\/et_pb_column][\/et_pb_row][et_pb_row column_structure=\u00bb3_5,2_5&#8243; make_equal=\u00bbon\u00bb _builder_version=\u00bb4.27.4&#8243; _module_preset=\u00bbdefault\u00bb global_colors_info=\u00bb{}\u00bb theme_builder_area=\u00bbpost_content\u00bb][et_pb_column type=\u00bb3_5&#8243; _builder_version=\u00bb4.27.4&#8243; _module_preset=\u00bbdefault\u00bb global_colors_info=\u00bb{}\u00bb theme_builder_area=\u00bbpost_content\u00bb][et_pb_text _builder_version=\u00bb4.27.4&#8243; _module_preset=\u00bbdefault\u00bb text_font_size=\u00bb25px\u00bb text_line_height=\u00bb1.4em\u00bb header_font=\u00bb||||||||\u00bb header_text_color=\u00bb#adadad\u00bb header_font_size=\u00bb16px\u00bb header_2_font_size=\u00bb45px\u00bb header_3_font_size=\u00bb18px\u00bb custom_padding=\u00bb1px|||||\u00bb text_font_size_tablet=\u00bb22px\u00bb text_font_size_phone=\u00bb18px\u00bb text_font_size_last_edited=\u00bbon|phone\u00bb header_2_font_size_tablet=\u00bb35px\u00bb header_2_font_size_phone=\u00bb30px\u00bb header_2_font_size_last_edited=\u00bbon|phone\u00bb global_colors_info=\u00bb{}\u00bb theme_builder_area=\u00bbpost_content\u00bb]<\/p>\n<h2>Estudios de factibilidad de proyectos en el <span style=\"color: #aec030;\">sector aeron\u00e1utico<\/span><\/h2>\n<p class=\"p1\">Desarrollamos estudios sobre casos de negocio, combinando investigaci\u00f3n t\u00e9cnica avanzada y an\u00e1lisis estrat\u00e9gico.<\/p>\n<p class=\"p1\">Ofrecemos consultoria especializada sobre convenios a\u00e9reos comerciales y derechos de tr\u00e1fico, estudios de mercado para proyectos aerocomerciales, infraestructura aeroportuaria, planes maestros de aeropuertos, gesti\u00f3n de bases de datos, estad\u00edsticas y pron\u00f3sticos de tr\u00e1fico a\u00e9reo.<\/p>\n<p class=\"p1\">Nuestro conocimiento amplio y especializado garantiza an\u00e1lisis y propuestas de soluciones, con base en datos, consideraciones cualitativas fundamentadas y visi\u00f3n estrat\u00e9gica, para asegurar la viabilidad y el \u00e9xito de cada proyecto.<\/p>\n<p>[\/et_pb_text][et_pb_button button_url=\u00bb@ET-DC@eyJkeW5hbWljIjp0cnVlLCJjb250ZW50IjoicG9zdF9saW5rX3VybF9wYWdlIiwic2V0dGluZ3MiOnsicG9zdF9pZCI6IjI3In19@\u00bb button_text=\u00bbSaber m\u00e1s\u00bb _builder_version=\u00bb4.27.4&#8243; _dynamic_attributes=\u00bbbutton_url\u00bb _module_preset=\u00bbdefault\u00bb hover_enabled=\u00bb0&#8243; global_colors_info=\u00bb{}\u00bb theme_builder_area=\u00bbpost_content\u00bb sticky_enabled=\u00bb0&#8243;][\/et_pb_button][\/et_pb_column][et_pb_column type=\u00bb2_5&#8243; _builder_version=\u00bb4.27.4&#8243; _module_preset=\u00bbdefault\u00bb custom_css_main_element=\u00bbdisplay: flex;||flex-direction: column;||justify-content: center;\u00bb global_colors_info=\u00bb{}\u00bb theme_builder_area=\u00bbpost_content\u00bb][et_pb_number_counter number=\u00bb+20&#8243; percent_sign=\u00bboff\u00bb _builder_version=\u00bb4.27.4&#8243; _module_preset=\u00bbdefault\u00bb title_text_color=\u00bb#000000&#8243; number_font=\u00bb|700|||||||\u00bb number_text_color=\u00bbgcid-heading-color\u00bb text_orientation=\u00bbright\u00bb background_layout=\u00bbdark\u00bb width=\u00bb100%\u00bb module_alignment=\u00bbright\u00bb custom_margin=\u00bb||0px||false|false\u00bb custom_padding=\u00bb||0px||false|false\u00bb global_colors_info=\u00bb{%22gcid-heading-color%22:%91%22number_text_color%22%93}\u00bb theme_builder_area=\u00bbpost_content\u00bb][\/et_pb_number_counter][et_pb_text _builder_version=\u00bb4.27.4&#8243; _module_preset=\u00bbdefault\u00bb text_font=\u00bb|600|||||||\u00bb text_text_color=\u00bb#FFFFFF\u00bb text_font_size=\u00bb28px\u00bb background_enable_color=\u00bboff\u00bb text_orientation=\u00bbright\u00bb module_alignment=\u00bbcenter\u00bb global_colors_info=\u00bb{%22gcid-primary-color%22:%91%22background_color%22%93}\u00bb theme_builder_area=\u00bbpost_content\u00bb]<\/p>\n<p><mark>A\u00f1os<\/mark><\/p>\n<p>[\/et_pb_text][et_pb_number_counter number=\u00bb+100&#8243; percent_sign=\u00bboff\u00bb _builder_version=\u00bb4.27.4&#8243; _module_preset=\u00bbdefault\u00bb title_text_color=\u00bb#000000&#8243; number_font=\u00bb|700|||||||\u00bb number_text_color=\u00bbgcid-heading-color\u00bb text_orientation=\u00bbright\u00bb background_layout=\u00bbdark\u00bb width=\u00bb100%\u00bb module_alignment=\u00bbright\u00bb custom_margin=\u00bb||0px||false|false\u00bb custom_padding=\u00bb||0px||false|false\u00bb global_colors_info=\u00bb{%22gcid-heading-color%22:%91%22number_text_color%22%93}\u00bb theme_builder_area=\u00bbpost_content\u00bb][\/et_pb_number_counter][et_pb_text _builder_version=\u00bb4.27.4&#8243; _module_preset=\u00bbdefault\u00bb text_font=\u00bb|600|||||||\u00bb text_text_color=\u00bb#FFFFFF\u00bb text_font_size=\u00bb28px\u00bb background_enable_color=\u00bboff\u00bb text_orientation=\u00bbright\u00bb module_alignment=\u00bbcenter\u00bb global_colors_info=\u00bb{%22gcid-primary-color%22:%91%22background_color%22%93}\u00bb theme_builder_area=\u00bbpost_content\u00bb]<\/p>\n<p><mark>Proyectos ejecutados<\/mark><\/p>\n<p>[\/et_pb_text][et_pb_number_counter number=\u00bb+4000&#8243; percent_sign=\u00bboff\u00bb _builder_version=\u00bb4.27.4&#8243; _module_preset=\u00bbdefault\u00bb title_text_color=\u00bb#000000&#8243; number_font=\u00bb|700|||||||\u00bb number_text_color=\u00bbgcid-heading-color\u00bb text_orientation=\u00bbright\u00bb background_layout=\u00bbdark\u00bb width=\u00bb100%\u00bb module_alignment=\u00bbright\u00bb custom_margin=\u00bb||0px||false|false\u00bb custom_padding=\u00bb||0px||false|false\u00bb global_colors_info=\u00bb{%22gcid-heading-color%22:%91%22number_text_color%22%93}\u00bb theme_builder_area=\u00bbpost_content\u00bb][\/et_pb_number_counter][et_pb_text _builder_version=\u00bb4.27.4&#8243; _module_preset=\u00bbdefault\u00bb text_font=\u00bb|600|||||||\u00bb text_text_color=\u00bb#FFFFFF\u00bb text_font_size=\u00bb28px\u00bb background_enable_color=\u00bboff\u00bb text_orientation=\u00bbright\u00bb module_alignment=\u00bbcenter\u00bb global_colors_info=\u00bb{%22gcid-primary-color%22:%91%22background_color%22%93}\u00bb theme_builder_area=\u00bbpost_content\u00bb]<\/p>\n<p><mark>Horas de asesor\u00eda<\/mark><\/p>\n<p>[\/et_pb_text][\/et_pb_column][\/et_pb_row][\/et_pb_section]<\/p>\n","protected":false},"excerpt":{"rendered":"<p>Ofrecemos asesor\u00eda legal, financiera y de gesti\u00f3n de proyectos a los clientes, orientada a la atenci\u00f3n de sus necesidades y optimizar los resultados de su organizaci\u00f3n.Desarrollamos investigaciones especializadas en diferentes aspectos del transporte a\u00e9reo y la aeron\u00e1utica civil, para contribuir al desarrollo del conocimiento del sector.<div class=\"et_pb_module dsm_text_divider dsm_text_divider_0\">\n\t\t\t\t\n\t\t\t\t\n\t\t\t\t\n\t\t\t\t\n\t\t\t\t\n\t\t\t\t\n\t\t\t\t<div class=\"et_pb_module_inner\">\n\t\t\t\t\t<div class=\"dsm-text-divider-wrapper dsm-text-divider-align-left et_pb_bg_layout_light\">\n\t\t\t\t\n\t\t\t\t\n\t\t\t\t<div class=\"dsm-text-divider-before dsm-divider\"><\/div>\n\t\t\t\t<h1 class=\"dsm-text-divider-header et_pb_module_header\"><span>INAERO<\/span><\/h1>\n\t\t\t\t<div class=\"dsm-text-divider-after dsm-divider\"><\/div>\n\t\t\t<\/div>\n\t\t\t\t<\/div>\n\t\t\t<\/div>Dise\u00f1amos estrategias de acci\u00f3n y ejecuci\u00f3n Queremos ser su aliado estrat\u00e9gico para el desarrollo de soluciones innovadoras y sostenibles en el sector a\u00e9reo. Nuestro enfoque integral combina asesoramiento en derecho, estrategias de prevenci\u00f3n, debida diligencia y defensa jur\u00eddica, respaldadas por experiencia y casos de \u00e9xito. Nos diferenciamos por ofrecer soluciones personalizadas adaptadas a las necesidades espec\u00edficas de cada cliente, con acompa\u00f1amiento asertivo y cercano, buscando siempre resultados eficientes y sostenibles.\u00a0<div class=\"et_pb_module dsm_text_divider dsm_text_divider_1\">\n\t\t\t\t\n\t\t\t\t\n\t\t\t\t\n\t\t\t\t\n\t\t\t\t\n\t\t\t\t\n\t\t\t\t<div class=\"et_pb_module_inner\">\n\t\t\t\t\t<div class=\"dsm-text-divider-wrapper dsm-text-divider-align-left et_pb_bg_layout_dark\">\n\t\t\t\t\n\t\t\t\t\n\t\t\t\t<div class=\"dsm-text-divider-before dsm-divider\"><\/div>\n\t\t\t\t<h2 class=\"dsm-text-divider-header et_pb_module_header\"><span>C\u00f3mo podemos ayudarte<\/span><\/h2>\n\t\t\t\t<div class=\"dsm-text-divider-after dsm-divider\"><\/div>\n\t\t\t<\/div>\n\t\t\t\t<\/div>\n\t\t\t<\/div>Asesor\u00eda legalAsesor\u00eda integral corporativaInvestigaciones y estudios econ\u00f3micosAsesoraramiento en servicios a\u00e9reos comerciales<div class=\"et_pb_module dsm_button dsm_button_0 et_pb_bg_layout_light\">\n\t\t\t\t\n\t\t\t\t\n\t\t\t\t\n\t\t\t\t\n\t\t\t\t\n\t\t\t\t\n\t\t\t\t<div class=\"et_pb_module_inner\">\n\t\t\t\t\t<div class=\"et_pb_button_module_wrappers dsm_button_0_wrapper  et_pb_module\">\n\t\t\t\t\n\t\t\t<\/div>\n\t\t\t\t<\/div>\n\t\t\t<\/div><div class=\"et_pb_module dsm_text_divider dsm_text_divider_2\">\n\t\t\t\t\n\t\t\t\t\n\t\t\t\t\n\t\t\t\t\n\t\t\t\t\n\t\t\t\t\n\t\t\t\t<div class=\"et_pb_module_inner\">\n\t\t\t\t\t<div class=\"dsm-text-divider-wrapper dsm-text-divider-align-left et_pb_bg_layout_light\">\n\t\t\t\t\n\t\t\t\t\n\t\t\t\t<div class=\"dsm-text-divider-before dsm-divider\"><\/div>\n\t\t\t\t<h2 class=\"dsm-text-divider-header et_pb_module_header\"><span>Experiencia<\/span><\/h2>\n\t\t\t\t<div class=\"dsm-text-divider-after dsm-divider\"><\/div>\n\t\t\t<\/div>\n\t\t\t\t<\/div>\n\t\t\t<\/div>Estudios de factibilidad de proyectos en el sector aeron\u00e1utico Desarrollamos estudios sobre casos de negocio, combinando investigaci\u00f3n t\u00e9cnica [&hellip;]<\/p>\n","protected":false},"author":2,"featured_media":0,"parent":0,"menu_order":0,"comment_status":"closed","ping_status":"closed","template":"","meta":{"_et_pb_use_builder":"on","_et_pb_old_content":"<!-- wp:divi\/placeholder \/-->","_et_gb_content_width":"","footnotes":""},"class_list":["post-29","page","type-page","status-publish","hentry"],"_links":{"self":[{"href":"https:\/\/www.inaero.co\/en_en\/wp-json\/wp\/v2\/pages\/29","targetHints":{"allow":["GET"]}}],"collection":[{"href":"https:\/\/www.inaero.co\/en_en\/wp-json\/wp\/v2\/pages"}],"about":[{"href":"https:\/\/www.inaero.co\/en_en\/wp-json\/wp\/v2\/types\/page"}],"author":[{"embeddable":true,"href":"https:\/\/www.inaero.co\/en_en\/wp-json\/wp\/v2\/users\/2"}],"replies":[{"embeddable":true,"href":"https:\/\/www.inaero.co\/en_en\/wp-json\/wp\/v2\/comments?post=29"}],"version-history":[{"count":3,"href":"https:\/\/www.inaero.co\/en_en\/wp-json\/wp\/v2\/pages\/29\/revisions"}],"predecessor-version":[{"id":79,"href":"https:\/\/www.inaero.co\/en_en\/wp-json\/wp\/v2\/pages\/29\/revisions\/79"}],"wp:attachment":[{"href":"https:\/\/www.inaero.co\/en_en\/wp-json\/wp\/v2\/media?parent=29"}],"curies":[{"name":"wp","href":"https:\/\/api.w.org\/{rel}","templated":true}]}}